{"id":6,"date":"2015-10-14T10:51:52","date_gmt":"2015-10-14T10:51:52","guid":{"rendered":"http:\/\/flythemes.net\/demo\/corporate\/?page_id=6"},"modified":"2016-09-30T21:00:12","modified_gmt":"2016-10-01T03:00:12","slug":"filosofia","status":"publish","type":"page","link":"http:\/\/tregh.com\/index.php\/filosofia\/","title":{"rendered":"Filosof\u00eda"},"content":{"rendered":"<p style=\"text-align: justify; padding-left: 30px;\">En la actualidad el curso acelerado de las econom\u00edas hacia la liberalizaci\u00f3n de mercados dicta necesidades de cambio y mejoras en procesos administrativos, por lo cual nuestra empresa ofrece servicios accesibles y de excelente calidad que permitan la mejora continua en la competitividad de los negocios de nuestro pa\u00eds. D\u00eda a d\u00eda la tecnolog\u00eda avanza, los medios de comunicaci\u00f3n se abren camino, el empleo es cada vez m\u00e1s selectivo, las personas necesitan ser competitivas generado una gran necesidad de actualizaci\u00f3n, capacitaci\u00f3n y orientaci\u00f3n para lograr as\u00ed la trascendencia y autorrealizaci\u00f3n. TREGH una empresa preocupada ante el devenir empresarial se ocupa de brindar y poner en manos de empresas, empresarios y personas la debida capacitaci\u00f3n, herramientas, orientaci\u00f3n y consultor\u00eda de manera accesible, de calidad y a la carta que le permita estar a la altura de la exigencia empresarial y por competencias que le posicionen en el rengl\u00f3n del \u00e9xito.<\/p>\n<h2 style=\"text-align: left;\"><strong>Objetivo General<\/strong><\/h2>\n<p style=\"text-align: justify; padding-left: 30px;\">Contribuir al crecimiento personal y empresarial mediante la capacitaci\u00f3n, orientaci\u00f3n y consultor\u00eda para apoyar al desarrollo y trascendencia de las empresas, clientes y colaboradores a trav\u00e9s de indicadores cualitativos y cuantitativos de \u00e9xito.<\/p>\n<h2 style=\"text-align: left;\"><strong>Misi\u00f3n<\/strong><\/h2>\n<blockquote>\n<p style=\"text-align: justify;\">Colaborar con las personas y organizaciones en su desarrollo, brind\u00e1ndoles herramientas, asesor\u00eda, consultor\u00eda, capacitaci\u00f3n y orientaci\u00f3n para materializar o reforzar\u00a0 sus proyectos,\u00a0 optimizando sus recursos, fortaleciendo sus\u00a0 habilidades, conocimientos\u00a0 y capacidades, para lograr\u00a0 la trascendencia de nuestros clientes, nuestros\u00a0 colaboradores y la empresa.<\/p>\n<\/blockquote>\n<h2 style=\"text-align: left;\"><strong>Visi\u00f3n<\/strong><\/h2>\n<blockquote>\n<p style=\"text-align: justify;\">Ser l\u00edderes, referentes y reconocidos a nivel nacional como consultores empresariales y socios estrat\u00e9gicos, innovando de manera continua la forma de orientar, ayudar y aportar valor a nuestros clientes y colaboradores.<\/p>\n<\/blockquote>\n<h2 style=\"text-align: left;\"><strong>Pol\u00edtica de Calidad<\/strong><\/h2>\n<p style=\"text-align: justify; padding-left: 30px;\">Nos comprometemos en brindar m\u00e1s y mejores alternativas de soluci\u00f3n en materia empresarial, ofreciendo soluciones de calidad, procesos y mejora continua, a trav\u00e9s de esquemas de consultor\u00eda, capacitaci\u00f3n y servicios; ordenados, confiables, de valor agregado, en todo momento maximizando los recursos humanos o financieros y minimizando riezgos y esfuerzos.<\/p>\n<h2 style=\"text-align: left;\"><strong>Valores y Cultura Organizacional<br \/>\n<\/strong><\/h2>\n<div class=\"supsystic-table-loader spinner\" ><\/div><div id=\"supsystic-table-4_30662\" class=\"supsystic-tables-wrap \" style=\" width: 100%; visibility: hidden; \" data-table-width-fixed=\"100%\" ><table id=\"supsystic-table-4\" class=\"supsystic-table border lightboxImg cell-border \" data-id=\"4\" data-view-id=\"4_30662\" data-title=\"Datos Contacto\" data-currency-format=\"$1,000.00\" data-percent-format=\"10.00%\" data-date-format=\"DD.MM.YYYY\" data-time-format=\"HH:mm\" data-features=\"[&quot;after_table_loaded_script&quot;]\" data-search-value=\"\" data-lightbox-img=\"\" data-head=\"on\" data-head-rows-count=\"1\" data-pagination-length=\"50,100,All\" data-auto-index=\"off\" data-searching-settings=\"{&quot;minChars&quot;:&quot;0&quot;}\" data-lang=\"default\" data-override=\"{&quot;emptyTable&quot;:&quot;&quot;,&quot;info&quot;:&quot;&quot;,&quot;infoEmpty&quot;:&quot;&quot;,&quot;infoFiltered&quot;:&quot;&quot;,&quot;lengthMenu&quot;:&quot;&quot;,&quot;search&quot;:&quot;&quot;,&quot;zeroRecords&quot;:&quot;&quot;,&quot;file&quot;:&quot;default&quot;}\" data-merged=\"[]\" data-responsive-mode=\"0\" data-from-history=\"0\" ><thead><tr><th data-cell-id=\"A1\" data-x=\"0\" data-y=\"1\" data-db-index=\"1\" class=\"\" data-cell-type=\"text\" data-original-value=\"\" data-order=\"\" style=\"min-width: 20.5761%; \" ><\/th><th data-cell-id=\"B1\" data-x=\"1\" data-y=\"1\" data-db-index=\"1\" class=\"\" data-cell-type=\"text\" data-original-value=\"\" data-order=\"\" style=\"min-width: 28.6694%; \" ><\/th><th data-cell-id=\"C1\" data-x=\"2\" data-y=\"1\" data-db-index=\"1\" class=\"\" data-cell-type=\"text\" data-original-value=\"\" data-order=\"\" style=\"min-width: 22.085%; \" ><\/th><th data-cell-id=\"D1\" data-x=\"3\" data-y=\"1\" data-db-index=\"1\" class=\"\" data-cell-type=\"text\" data-original-value=\"\" data-order=\"\" style=\"min-width: 28.6694%; \" ><\/th><\/tr><\/thead><tbody><tr style=\"height: px\" ><td data-cell-id=\"A2\" data-x=\"0\" data-y=\"2\" data-db-index=\"2\" class=\"bold htCenter\" data-cell-type=\"text\" data-original-value=\"&lt;img src=&quot;http:\/\/tregh.com\/wp-content\/uploads\/2016\/09\/Servicio.png&quot; \/&gt;\" data-order=\"&lt;img src=&quot;http:\/\/tregh.com\/wp-content\/uploads\/2016\/09\/Servicio.png&quot; \/&gt;\" ><img src=\"http:\/\/tregh.com\/wp-content\/uploads\/2016\/09\/Servicio.png\" \/><\/td><td data-cell-id=\"B2\" data-x=\"1\" data-y=\"2\" data-db-index=\"2\" class=\"htMiddle htLeft bold color-000000\" data-cell-type=\"text\" data-original-value=\"Orientados por el SERVICIO\" data-order=\"Orientados por el SERVICIO\" > Orientados por el SERVICIO <\/td><td data-cell-id=\"C2\" data-x=\"2\" data-y=\"2\" data-db-index=\"2\" class=\"htCenter htMiddle\" data-cell-type=\"text\" data-original-value=\"&lt;img src=&quot;http:\/\/tregh.com\/wp-content\/uploads\/2016\/09\/Integridad.png&quot; \/&gt;\" data-order=\"&lt;img src=&quot;http:\/\/tregh.com\/wp-content\/uploads\/2016\/09\/Integridad.png&quot; \/&gt;\" ><img src=\"http:\/\/tregh.com\/wp-content\/uploads\/2016\/09\/Integridad.png\" \/><\/td><td data-cell-id=\"D2\" data-x=\"3\" data-y=\"2\" data-db-index=\"2\" class=\"htMiddle htLeft bold color-000000\" data-cell-type=\"text\" data-original-value=\"INTEGRIDAD en todos nuestros actos\" data-order=\"INTEGRIDAD en todos nuestros actos\" > INTEGRIDAD en todos nuestros actos <\/td><\/tr><tr style=\"height: px\" ><td data-cell-id=\"A3\" data-x=\"0\" data-y=\"3\" data-db-index=\"3\" class=\"htCenter\" data-cell-type=\"text\" data-original-value=\"&lt;img src=&quot;http:\/\/tregh.com\/wp-content\/uploads\/2016\/09\/Innovaci\u00f3n.png&quot; \/&gt;\" data-order=\"&lt;img src=&quot;http:\/\/tregh.com\/wp-content\/uploads\/2016\/09\/Innovaci\u00f3n.png&quot; \/&gt;\" ><img src=\"http:\/\/tregh.com\/wp-content\/uploads\/2016\/09\/Innovaci\u00f3n.png\" \/><\/td><td data-cell-id=\"B3\" data-x=\"1\" data-y=\"3\" data-db-index=\"3\" class=\"htMiddle htLeft color-000000 bold\" data-cell-type=\"text\" data-original-value=\"Siempre en constante INNOVACI\u00d3N\" data-order=\"Siempre en constante INNOVACI\u00d3N\" > Siempre en constante INNOVACI\u00d3N <\/td><td data-cell-id=\"C3\" data-x=\"2\" data-y=\"3\" data-db-index=\"3\" class=\"htMiddle htCenter\" data-cell-type=\"text\" data-original-value=\"&lt;img src=&quot;http:\/\/tregh.com\/wp-content\/uploads\/2016\/09\/Compromiso.png&quot; \/&gt;\" data-order=\"&lt;img src=&quot;http:\/\/tregh.com\/wp-content\/uploads\/2016\/09\/Compromiso.png&quot; \/&gt;\" ><img src=\"http:\/\/tregh.com\/wp-content\/uploads\/2016\/09\/Compromiso.png\" \/><\/td><td data-cell-id=\"D3\" data-x=\"3\" data-y=\"3\" data-db-index=\"3\" class=\"htLeft htMiddle bold color-000000\" data-cell-type=\"text\" data-original-value=\"COMPROMISO con todos los que nos rodean\" data-order=\"COMPROMISO con todos los que nos rodean\" > COMPROMISO con todos los que nos rodean <\/td><\/tr><tr style=\"height: px\" ><td data-cell-id=\"A4\" data-x=\"0\" data-y=\"4\" data-db-index=\"4\" class=\"htCenter\" data-cell-type=\"text\" data-original-value=\"&lt;img src=&quot;http:\/\/tregh.com\/wp-content\/uploads\/2016\/09\/Honestidad.png&quot; \/&gt;\" data-order=\"&lt;img src=&quot;http:\/\/tregh.com\/wp-content\/uploads\/2016\/09\/Honestidad.png&quot; \/&gt;\" ><img src=\"http:\/\/tregh.com\/wp-content\/uploads\/2016\/09\/Honestidad.png\" \/><\/td><td data-cell-id=\"B4\" data-x=\"1\" data-y=\"4\" data-db-index=\"4\" class=\"htLeft htMiddle bold color-000000\" data-cell-type=\"text\" data-original-value=\"HONESTIDAD en todo lo que hacemos\" data-order=\"HONESTIDAD en todo lo que hacemos\" > HONESTIDAD en todo lo que hacemos <\/td><td data-cell-id=\"C4\" data-x=\"2\" data-y=\"4\" data-db-index=\"4\" class=\"htMiddle htCenter\" data-cell-type=\"text\" data-original-value=\"&lt;img src=&quot;http:\/\/tregh.com\/wp-content\/uploads\/2016\/09\/Congruencia.png&quot; \/&gt;\" data-order=\"&lt;img src=&quot;http:\/\/tregh.com\/wp-content\/uploads\/2016\/09\/Congruencia.png&quot; \/&gt;\" ><img src=\"http:\/\/tregh.com\/wp-content\/uploads\/2016\/09\/Congruencia.png\" \/><\/td><td data-cell-id=\"D4\" data-x=\"3\" data-y=\"4\" data-db-index=\"4\" class=\"htMiddle htLeft bold color-000000\" data-cell-type=\"text\" data-original-value=\"CONGRUENTES entre lo que pensamos, somos y hacemos\" data-order=\"CONGRUENTES entre lo que pensamos, somos y hacemos\" > CONGRUENTES entre lo que pensamos, somos y hacemos <\/td><\/tr><\/tbody><\/table><!-- \/#supsystic-table-4.supsystic-table --><\/div><!-- \/.supsystic-tables-wrap --><!-- Tables Generator by Supsystic --><!-- Version: 1.10.36 --><!-- http:\/\/supsystic.com\/ -->\n<p>&nbsp;<\/p>\n","protected":false},"excerpt":{"rendered":"<p>En la actualidad el curso acelerado de las econom\u00edas hacia la liberalizaci\u00f3n de mercados dicta necesidades de cambio y mejoras en procesos administrativos, por lo cual nuestra empresa ofrece servicios accesibles y de excelente calidad que permitan la mejora continua en la competitividad de los negocios de nuestro pa\u00eds. D\u00eda a d\u00eda la tecnolog\u00eda avanza,&#8230; <\/p>\n","protected":false},"author":1,"featured_media":0,"parent":0,"menu_order":1,"comment_status":"closed","ping_status":"closed","template":"full-width.php","meta":[],"_links":{"self":[{"href":"http:\/\/tregh.com\/index.php\/wp-json\/wp\/v2\/pages\/6"}],"collection":[{"href":"http:\/\/tregh.com\/index.php\/wp-json\/wp\/v2\/pages"}],"about":[{"href":"http:\/\/tregh.com\/index.php\/wp-json\/wp\/v2\/types\/page"}],"author":[{"embeddable":true,"href":"http:\/\/tregh.com\/index.php\/wp-json\/wp\/v2\/users\/1"}],"replies":[{"embeddable":true,"href":"http:\/\/tregh.com\/index.php\/wp-json\/wp\/v2\/comments?post=6"}],"version-history":[{"count":31,"href":"http:\/\/tregh.com\/index.php\/wp-json\/wp\/v2\/pages\/6\/revisions"}],"predecessor-version":[{"id":2340,"href":"http:\/\/tregh.com\/index.php\/wp-json\/wp\/v2\/pages\/6\/revisions\/2340"}],"wp:attachment":[{"href":"http:\/\/tregh.com\/index.php\/wp-json\/wp\/v2\/media?parent=6"}],"curies":[{"name":"wp","href":"https:\/\/api.w.org\/{rel}","templated":true}]}}