{"id":1579,"date":"2016-04-05T18:46:37","date_gmt":"2016-04-06T00:46:37","guid":{"rendered":"http:\/\/tregh.com\/?page_id=1579"},"modified":"2017-07-17T16:45:33","modified_gmt":"2017-07-17T22:45:33","slug":"servicios","status":"publish","type":"page","link":"http:\/\/tregh.com\/index.php\/servicios\/","title":{"rendered":"Servicios"},"content":{"rendered":"<div class=\"toggle_holder\"><h3 class=\"slide_toggle\"><a href=\"#\">C A P A C I T A C I \u00d3 N<\/a><\/h3>\r\n\t\t\t\t\t<div class=\"slide_toggle_content\"><p style=\"text-align: justify;\">La capacitaci\u00f3n es clave\u00a0para la superaci\u00f3n y desarrollo de las empresas, ya que responde a las necesidades que se presentan en la b\u00fasqueda de mejorar la actitud, conocimiento, habilidades o conductas del recurso m\u00e1s importante, las personas. La capacitaci\u00f3n es la adquisici\u00f3n de conocimientos t\u00e9cnicos, te\u00f3ricos y pr\u00e1cticos que van a contribuir al desarrollo de los individuos en el desempe\u00f1o de una actividad, busca promover el desarrollo integral del personal\u00a0 y como consecuencia el desarrollo de la organizaci\u00f3n.<\/p>\n<p style=\"text-align: justify;\">Las necesidades de capacitaci\u00f3n, surgen cuando existen diferencias entre lo que las personas deber\u00edan saber para desempe\u00f1ar sus actividades o tareas, y lo que saben realmente. Si bien es cierto que la capacitaci\u00f3n no es la \u00fanica forma o medio por el cual se garantiza el correcto cumplimiento de tareas y actividades, si es un asertivo instrumento que ense\u00f1a, propicia y fortalece el conocimiento necesario para el desempe\u00f1o de ciertas actividades, desarrolla de manera sistem\u00e1tica y refuerza las competencias de las personas.<\/p>\n<p style=\"text-align: justify;\">Por medio de nuestros servicio de capacitaci\u00f3n podemos apoyarlos en muchas \u00e1reas, como por ejemplo:<\/p>\n<ul>\n<li style=\"text-align: justify;\"><strong>Entrenamiento: <\/strong>cuando se encuentran o surgen nuevos paradigmas de conocimiento o simples actualizaciones, es necesario reforzar al personal para que el nivel de conocimiento sea homog\u00e9neo y acorde a las funciones que se est\u00e1n desempe\u00f1ando.<\/li>\n<li style=\"text-align: justify;\"><b>Inductiva: <\/b>cuando se tienen colaboradores de reci\u00e9n ingreso a nuestas empresas o proyectos,\u00a0 es primordial brindar informaci\u00f3n inicial para alinearlos de acuerdo a la flosof\u00eda de la empresa, a su misi\u00f3n, objetivos y ejes estrat\u00e9gicos.<\/li>\n<li style=\"text-align: justify;\"><strong>Desarrollo de personas estrat\u00e9gicas:<\/strong> con estas capacitaciones se busca desarrollar las actitudes, habilidades y conocimientos de personas clave o grupos de personas que hacen una misma actividad, tales como liderazgo, integraci\u00f3n, motivaci\u00f3n, negociaci\u00f3n, coaching, actividades gerenciales, de planeaci\u00f3n, entre otras.<\/li>\n<\/ul>\n<h2 style=\"text-align: center;\"><\/h2>\n<h2 style=\"text-align: center;\">Beneficios de nuestras capacitaciones<\/h2>\n<p style=\"text-align: center;\"><div class=\"supsystic-table-loader spinner\" ><\/div><div id=\"supsystic-table-1_31720\" class=\"supsystic-tables-wrap \" style=\" width: 100%; visibility: hidden; \" data-table-width-fixed=\"100%\" ><table id=\"supsystic-table-1\" class=\"supsystic-table border lightboxImg cell-border \" data-id=\"1\" data-view-id=\"1_31720\" data-title=\"Tabla Beneficios Capacitacion\" data-currency-format=\"$1,000.00\" data-percent-format=\"10.00%\" data-date-format=\"DD.MM.YYYY\" data-time-format=\"HH:mm\" data-features=\"[]\" data-search-value=\"\" data-lightbox-img=\"\" data-head=\"on\" data-pagination-length=\"50,100,All\" data-auto-index=\"off\" data-lang=\"default\" data-override=\"{&quot;file&quot;:&quot;default&quot;,&quot;emptyTable&quot;:&quot;&quot;,&quot;info&quot;:&quot;&quot;,&quot;infoEmpty&quot;:&quot;&quot;,&quot;infoFiltered&quot;:&quot;&quot;,&quot;lengthMenu&quot;:&quot;&quot;,&quot;search&quot;:&quot;&quot;,&quot;zeroRecords&quot;:&quot;&quot;}\" data-merged=\"[]\" data-responsive-mode=\"0\" data-from-history=\"0\" ><thead><tr><th data-cell-id=\"A1\" data-x=\"0\" data-y=\"1\" data-db-index=\"1\" class=\"bold htCenter\" data-cell-type=\"text\" data-original-value=\"Para la empresa\" data-order=\"Para la empresa\" style=\"min-width: 48.3498%; \" > Para la empresa <\/th><th data-cell-id=\"B1\" data-x=\"1\" data-y=\"1\" data-db-index=\"1\" class=\"bold htCenter\" data-cell-type=\"text\" data-original-value=\"Para las personas\" data-order=\"Para las personas\" style=\"min-width: 51.6502%; \" > Para las personas <\/th><\/tr><\/thead><tbody><tr style=\"height: px\" ><td data-cell-id=\"A2\" data-x=\"0\" data-y=\"2\" data-db-index=\"2\" class=\"htCenter\" data-cell-type=\"text\" data-original-value=\"Estandarizar los procesos y forma de trabajo en la empresa\" data-order=\"Estandarizar los procesos y forma de trabajo en la empresa\" > Estandarizar los procesos y forma de trabajo en la empresa <\/td><td data-cell-id=\"B2\" data-x=\"1\" data-y=\"2\" data-db-index=\"2\" class=\"htCenter\" data-cell-type=\"text\" data-original-value=\"Hace competente a los colaboradores\" data-order=\"Hace competente a los colaboradores\" > Hace competente a los colaboradores <\/td><\/tr><tr style=\"height: px\" ><td data-cell-id=\"A3\" data-x=\"0\" data-y=\"3\" data-db-index=\"3\" class=\"htCenter\" data-cell-type=\"text\" data-original-value=\"Mejora la relaci\u00f3n entre los colaboradores\" data-order=\"Mejora la relaci\u00f3n entre los colaboradores\" > Mejora la relaci\u00f3n entre los colaboradores <\/td><td data-cell-id=\"B3\" data-x=\"1\" data-y=\"3\" data-db-index=\"3\" class=\"htCenter\" data-cell-type=\"text\" data-original-value=\"Con las nuevas habilidades los hace candidatos a nuevos retos\" data-order=\"Con las nuevas habilidades los hace candidatos a nuevos retos\" > Con las nuevas habilidades los hace candidatos a nuevos retos <\/td><\/tr><tr style=\"height: px\" ><td data-cell-id=\"A4\" data-x=\"0\" data-y=\"4\" data-db-index=\"4\" class=\"htCenter\" data-cell-type=\"text\" data-original-value=\"Eleva la moral de las personas mediante sus nuevas habilidades\" data-order=\"Eleva la moral de las personas mediante sus nuevas habilidades\" > Eleva la moral de las personas mediante sus nuevas habilidades <\/td><td data-cell-id=\"B4\" data-x=\"1\" data-y=\"4\" data-db-index=\"4\" class=\"htCenter\" data-cell-type=\"text\" data-original-value=\"Genera un sentido de progreso\" data-order=\"Genera un sentido de progreso\" > Genera un sentido de progreso <\/td><\/tr><tr style=\"height: px\" ><td data-cell-id=\"A5\" data-x=\"0\" data-y=\"5\" data-db-index=\"5\" class=\"htCenter\" data-cell-type=\"text\" data-original-value=\"Incrementa la productividad y la calidad en el trabajo\" data-order=\"Incrementa la productividad y la calidad en el trabajo\" > Incrementa la productividad y la calidad en el trabajo <\/td><td data-cell-id=\"B5\" data-x=\"1\" data-y=\"5\" data-db-index=\"5\" class=\"htCenter\" data-cell-type=\"text\" data-original-value=\"Habilita a nuevos facilitadores\" data-order=\"Habilita a nuevos facilitadores\" > Habilita a nuevos facilitadores <\/td><\/tr><\/tbody><\/table><!-- \/#supsystic-table-1.supsystic-table --><\/div><!-- \/.supsystic-tables-wrap --><!-- Tables Generator by Supsystic --><!-- Version: 1.10.36 --><!-- http:\/\/supsystic.com\/ --><strong><br \/>\n<\/strong><\/p>\n<p>\n<\/div><\/div><br \/>\n<div class=\"toggle_holder\"><h3 class=\"slide_toggle\"><a href=\"#\">E M P R E S A R I A L E S<\/a><\/h3>\r\n\t\t\t\t\t<div class=\"slide_toggle_content\"><\/p>\n<p style=\"text-align: justify;\">Mediante nuestro servicio de consultor\u00eda podemos apoyarte en la investigaci\u00f3n, identificaci\u00f3n y propuesta de soluci\u00f3n en problemas relacionados con el funcionamiento de tu organizaci\u00f3n, proponiendo soluciones, m\u00e9todos, recomendaciones y procedimientos para una mejora continua.<\/p>\n<p style=\"text-align: justify;\">Con el apoyo de nuestras consultor\u00edas, trabajamos en conjunto con las organizaciones para dictaminar puntos cr\u00edticos o cuellos de botella por lo cual no se ejecuten correctamente los procesos o actividades de la organizaci\u00f3n, se dise\u00f1a e implementa un plan de mejora para asegurar la competitividad y funcionamiento de las empresas, as\u00ed como un plan de revisi\u00f3n y futura autogesti\u00f3n para no volver a desviar esfuerzos y caer nuevamente en las mismas fallas.<\/p>\n<p style=\"text-align: justify;\">Parte de nuestro abanico de consultor\u00edas abarcan desde:<\/p>\n<ul>\n<li style=\"text-align: justify;\">Reorientar y\/o organizar la estrategia de su negocio.<b><\/b><\/li>\n<li style=\"text-align: justify;\">Definici\u00f3n o reingenier\u00eda de procesos.<\/li>\n<li style=\"text-align: justify;\">Optimizaci\u00f3n de recursos.<\/li>\n<li style=\"text-align: justify;\">Mejora o motivaci\u00f3n del recurso humano.<\/li>\n<li style=\"text-align: justify;\">Enfoque por resultados.<\/li>\n<li style=\"text-align: justify;\">Satisfacci\u00f3n del cliente.<\/li>\n<li style=\"text-align: justify;\">Imagen corporativa.<\/li>\n<li style=\"text-align: justify;\">Alineaci\u00f3n estrat\u00e9gica.<\/li>\n<li style=\"text-align: justify;\">Cultura organizacional.<\/li>\n<li>Mystery Shopper<\/li>\n<li style=\"text-align: justify;\">Implementaci\u00f3n de controles.<\/li>\n<\/ul>\n<p style=\"text-align: justify;\"><div class=\"clear linktotop\"><a title=\"Top of Page\" href=\"#top\">Back to Top<\/a><\/div><div class=\"clear hrule\"><\/div><\/p>\n<p>\n<\/div><\/div><br \/>\n<div class=\"toggle_holder\"><h3 class=\"slide_toggle\"><a href=\"#\">T E C N O L \u00d3 G I C O S<\/a><\/h3>\r\n\t\t\t\t\t<div class=\"slide_toggle_content\"><\/p>\n<div class=\"wrapper\">\n<h2 style=\"text-align: center;\" align=\"justify\">El 80% de las personas que comprar algo lo buscan primero en internet.<\/h2>\n<p align=\"justify\">En Tregh te ayudamos a dise\u00f1ar, crear, administrar, posicionar y mantener tu Sitio Web y que mediante esta indispensable herramienta, se garantice tu presencia en internet de manera efectiva, asertiva y r\u00e1pida, con dise\u00f1os \u00fanicos, apropiados y de acuerdo a sus necesidades. Mediante un sitio Web puedes mantener a tus clientes en constante comunicaci\u00f3n contigo, informarlos de nuevos productos, servicios o promociones, las 24hrs del d\u00eda y los 365 d\u00edas del a\u00f1o, incrementando con esto tus ventas de manera f\u00e1cil y econ\u00f3mica.<\/p>\n<\/div>\n<h2 style=\"text-align: center;\">Mediante un sitio WEB podr\u00e1s tener beneficios como estos<\/h2>\n<p style=\"text-align: center;\" align=\"justify\"><div class=\"supsystic-table-loader spinner\" ><\/div><div id=\"supsystic-table-2_71098\" class=\"supsystic-tables-wrap \" style=\" width: 100%; visibility: hidden; \" data-table-width-fixed=\"100%\" ><table id=\"supsystic-table-2\" class=\"supsystic-table border lightboxImg cell-border \" data-id=\"2\" data-view-id=\"2_71098\" data-title=\"Ventajas de un sitio web\" data-currency-format=\"$1,000.00\" data-percent-format=\"10.00%\" data-date-format=\"DD.MM.YYYY\" data-time-format=\"HH:mm\" data-features=\"[&quot;after_table_loaded_script&quot;]\" data-search-value=\"\" data-lightbox-img=\"\" data-head=\"on\" data-head-rows-count=\"1\" data-pagination-length=\"50,100,All\" data-auto-index=\"off\" data-searching-settings=\"{&quot;minChars&quot;:&quot;0&quot;}\" data-lang=\"default\" data-override=\"{&quot;emptyTable&quot;:&quot;&quot;,&quot;info&quot;:&quot;&quot;,&quot;infoEmpty&quot;:&quot;&quot;,&quot;infoFiltered&quot;:&quot;&quot;,&quot;lengthMenu&quot;:&quot;&quot;,&quot;search&quot;:&quot;&quot;,&quot;zeroRecords&quot;:&quot;&quot;,&quot;file&quot;:&quot;default&quot;}\" data-merged=\"[]\" data-responsive-mode=\"0\" data-from-history=\"0\" ><thead><tr><th data-cell-id=\"A1\" data-x=\"0\" data-y=\"1\" data-db-index=\"1\" class=\"bold htCenter\" data-cell-type=\"text\" data-original-value=\"Presencia\" data-order=\"Presencia\" style=\"min-width: 25.0946%; \" > Presencia <\/th><th data-cell-id=\"B1\" data-x=\"1\" data-y=\"1\" data-db-index=\"1\" class=\"bold htCenter\" data-cell-type=\"text\" data-original-value=\"Clientes\" data-order=\"Clientes\" style=\"min-width: 25.0946%; \" > Clientes <\/th><th data-cell-id=\"C1\" data-x=\"2\" data-y=\"1\" data-db-index=\"1\" class=\"bold htCenter\" data-cell-type=\"text\" data-original-value=\"Im\u00e1gen\" data-order=\"Im\u00e1gen\" style=\"min-width: 24.4641%; \" > Im\u00e1gen <\/th><th data-cell-id=\"D1\" data-x=\"3\" data-y=\"1\" data-db-index=\"1\" class=\"bold htCenter\" data-cell-type=\"text\" data-original-value=\"Ahorro\" data-order=\"Ahorro\" style=\"min-width: 25.3468%; \" > Ahorro <\/th><\/tr><\/thead><tbody><tr style=\"height: px\" ><td data-cell-id=\"A2\" data-x=\"0\" data-y=\"2\" data-db-index=\"2\" class=\"htCenter\" data-cell-type=\"text\" data-original-value=\"Su empresa est\u00e1 disponible para cualquier persona, a cualquier hora del d\u00eda y en cualquier parte del mundo. Puede recibir informaci\u00f3n de sus visitantes mediante la liga de contacto o correo.\" data-order=\"Su empresa est\u00e1 disponible para cualquier persona, a cualquier hora del d\u00eda y en cualquier parte del mundo. Puede recibir informaci\u00f3n de sus visitantes mediante la liga de contacto o correo.\" > Su empresa est\u00e1 disponible para cualquier persona, a cualquier hora del d\u00eda y en cualquier parte del mundo. Puede recibir informaci\u00f3n de sus visitantes mediante la liga de contacto o correo. <\/td><td data-cell-id=\"B2\" data-x=\"1\" data-y=\"2\" data-db-index=\"2\" class=\"htCenter\" data-cell-type=\"text\" data-original-value=\"Captar\u00e1 nuevos clientes mediante motores de b\u00fasqueda como Google y al no tener un Sitio, compradores encontrar\u00e1n y enfocara su atenci\u00f3n en alguna empresa que si cuente con su Pagina Web.\" data-order=\"Captar\u00e1 nuevos clientes mediante motores de b\u00fasqueda como Google y al no tener un Sitio, compradores encontrar\u00e1n y enfocara su atenci\u00f3n en alguna empresa que si cuente con su Pagina Web.\" > Captar\u00e1 nuevos clientes mediante motores de b\u00fasqueda como Google y al no tener un Sitio, compradores encontrar\u00e1n y enfocara su atenci\u00f3n en alguna empresa que si cuente con su Pagina Web. <\/td><td data-cell-id=\"C2\" data-x=\"2\" data-y=\"2\" data-db-index=\"2\" class=\"htCenter\" data-cell-type=\"text\" data-original-value=\"Refuerza y actualiza la imagen corporativa de su empresa, permitiendo dar a conocer a sus potenciales clientes que su empresa est\u00e1 siempre a la vanguardia en tecnolog\u00eda e informaci\u00f3n.\" data-order=\"Refuerza y actualiza la imagen corporativa de su empresa, permitiendo dar a conocer a sus potenciales clientes que su empresa est\u00e1 siempre a la vanguardia en tecnolog\u00eda e informaci\u00f3n.\" > Refuerza y actualiza la imagen corporativa de su empresa, permitiendo dar a conocer a sus potenciales clientes que su empresa est\u00e1 siempre a la vanguardia en tecnolog\u00eda e informaci\u00f3n. <\/td><td data-cell-id=\"D2\" data-x=\"3\" data-y=\"2\" data-db-index=\"2\" class=\"htCenter\" data-cell-type=\"text\" data-original-value=\"Pueden conocer sobre usted antes de contactarlo, y con esto deja de invertir tiempo y dinero en dar a conocer sus productos o servicios ya que el cliente los analiz\u00f3 por medio de su sitio web.\" data-order=\"Pueden conocer sobre usted antes de contactarlo, y con esto deja de invertir tiempo y dinero en dar a conocer sus productos o servicios ya que el cliente los analiz\u00f3 por medio de su sitio web.\" > Pueden conocer sobre usted antes de contactarlo, y con esto deja de invertir tiempo y dinero en dar a conocer sus productos o servicios ya que el cliente los analiz\u00f3 por medio de su sitio web. <\/td><\/tr><\/tbody><\/table><!-- \/#supsystic-table-2.supsystic-table --><\/div><!-- \/.supsystic-tables-wrap --><!-- Tables Generator by Supsystic --><!-- Version: 1.10.36 --><!-- http:\/\/supsystic.com\/ --><\/p>\n<p style=\"text-align: justify;\">Existen infinidad de herramientas tecnol\u00f3gicas que pueden ayudar a las empresas y por lo tanto impactar en los resultados y consumidores, en Tregh te apoyamos para que utilices la herramienta que mejor te conviene, de acuerdo a tus necesidades, presupuesto e impacto que buscas, dentro de alguna de las siguientes especialidades:<\/p>\n<ul>\n<li>Desarrollo, creaci\u00f3n, administraci\u00f3n y mantenimiento de sitios web.<\/li>\n<li>Sistemas desarrollados a la medida, de acuerdo a las necesidades de nuestros clientes.<\/li>\n<li>Organizaci\u00f3n, administraci\u00f3n e implementaci\u00f3n de proyectos de TI.<\/li>\n<li>Redes.<\/li>\n<li>Bases de datos.<\/li>\n<li>VPN\u2019s.<\/li>\n<li>Sistemas Cliente-Servidor.<\/li>\n<li>Rack Clean.<\/li>\n<li>Servidores.<\/li>\n<li>Sites.<\/li>\n<li>Consultor\u00eda de TI.<\/li>\n<\/ul>\n<p>\n<\/div><\/div><br \/>\n<div class=\"toggle_holder\"><h3 class=\"slide_toggle\"><a href=\"#\">A C A D \u00c9 M I C O<\/a><\/h3>\r\n\t\t\t\t\t<div class=\"slide_toggle_content\"><p>\nTREGH &#8211; Kids &amp; Teens<\/p>\n<\/div><\/div><\/p>\n<h3 style=\"text-align: right;\"><\/h3>\n<h1>Beneficios de trabajar con TREGH<\/h1>\n<p style=\"padding-left: 30px;\"><div><p><\/p>\n<div class=\"accordion-box\">\n<h2>PROFESIONALES ESPECIALIZADOS<\/h2>\n<div class=\"acc-content\">\n<p>\nTodos nuestros colaboradores internos y externos son especializados en sus diferentes \u00e1reas, y en todo momento est\u00e1n en mejora cont\u00ednua.<\/p>\n<\/div>\n<div class=\"clear\"><\/div>\n<\/div>\n<p><\/p>\n<div class=\"accordion-box\">\n<h2>ALIANZAS ESTRAT\u00c9GICAS<\/h2>\n<div class=\"acc-content\">\n<p>\nMediante todos nuestros socios estrat\u00e9gicos, podr\u00e1s encontrar alguna sinergia que est\u00e9s requiriendo.<\/p>\n<\/div>\n<div class=\"clear\"><\/div>\n<\/div>\n<p><\/p>\n<div class=\"accordion-box\">\n<h2>AMPLIA GAMA DE SERVICIOS<\/h2>\n<div class=\"acc-content\">\n<p>\nPonemos a tu disposici\u00f3n una aplia gama de servicios que van desde la mejora cont\u00ednua, hasta herramientas tangibles e intangibles para garantizar el \u00e9xito de tu empresa.<\/p>\n<\/div>\n<div class=\"clear\"><\/div>\n<\/div>\n<p><\/p>\n<div class=\"clear\"><\/div><\/div><\/p>\n<p>&nbsp;<\/p>\n<p>&nbsp;<\/p>\n","protected":false},"excerpt":{"rendered":"<p>Beneficios de trabajar con TREGH &nbsp; &nbsp;<\/p>\n","protected":false},"author":1,"featured_media":0,"parent":0,"menu_order":2,"comment_status":"closed","ping_status":"closed","template":"full-width.php","meta":[],"_links":{"self":[{"href":"http:\/\/tregh.com\/index.php\/wp-json\/wp\/v2\/pages\/1579"}],"collection":[{"href":"http:\/\/tregh.com\/index.php\/wp-json\/wp\/v2\/pages"}],"about":[{"href":"http:\/\/tregh.com\/index.php\/wp-json\/wp\/v2\/types\/page"}],"author":[{"embeddable":true,"href":"http:\/\/tregh.com\/index.php\/wp-json\/wp\/v2\/users\/1"}],"replies":[{"embeddable":true,"href":"http:\/\/tregh.com\/index.php\/wp-json\/wp\/v2\/comments?post=1579"}],"version-history":[{"count":169,"href":"http:\/\/tregh.com\/index.php\/wp-json\/wp\/v2\/pages\/1579\/revisions"}],"predecessor-version":[{"id":2469,"href":"http:\/\/tregh.com\/index.php\/wp-json\/wp\/v2\/pages\/1579\/revisions\/2469"}],"wp:attachment":[{"href":"http:\/\/tregh.com\/index.php\/wp-json\/wp\/v2\/media?parent=1579"}],"curies":[{"name":"wp","href":"https:\/\/api.w.org\/{rel}","templated":true}]}}