{"id":12,"date":"2015-10-14T10:52:32","date_gmt":"2015-10-14T10:52:32","guid":{"rendered":"http:\/\/flythemes.net\/demo\/corporate\/?page_id=12"},"modified":"2016-12-16T10:03:54","modified_gmt":"2016-12-16T16:03:54","slug":"contacto","status":"publish","type":"page","link":"http:\/\/tregh.com\/index.php\/contacto\/","title":{"rendered":"Contacto"},"content":{"rendered":"<h3><strong>Escr\u00edbenos, con gusto nos comunicaremos contigo para ver la manera de apoyarte<\/strong><\/h3>\n<div role=\"form\" class=\"wpcf7\" id=\"wpcf7-f1615-o1\" lang=\"es-ES\" dir=\"ltr\">\n<div class=\"screen-reader-response\"><p role=\"status\" aria-live=\"polite\" aria-atomic=\"true\"><\/p> <ul><\/ul><\/div>\n<form action=\"\/index.php\/wp-json\/wp\/v2\/pages\/12#wpcf7-f1615-o1\" method=\"post\" class=\"wpcf7-form init\" novalidate=\"novalidate\" data-status=\"init\">\n<div style=\"display: none;\">\n<input type=\"hidden\" name=\"_wpcf7\" value=\"1615\" \/>\n<input type=\"hidden\" name=\"_wpcf7_version\" value=\"5.4.2\" \/>\n<input type=\"hidden\" name=\"_wpcf7_locale\" value=\"es_ES\" \/>\n<input type=\"hidden\" name=\"_wpcf7_unit_tag\" value=\"wpcf7-f1615-o1\" \/>\n<input type=\"hidden\" name=\"_wpcf7_container_post\" value=\"0\" \/>\n<input type=\"hidden\" name=\"_wpcf7_posted_data_hash\" value=\"\" \/>\n<\/div>\n<p>Nombre (requerido)<br \/>\n    <span class=\"wpcf7-form-control-wrap your-name\"><input type=\"text\" name=\"your-name\" value=\"\" size=\"40\" class=\"wpcf7-form-control wpcf7-text wpcf7-validates-as-required\" aria-required=\"true\" aria-invalid=\"false\" \/><\/span> <\/p>\n<p>Correo electr\u00f3nico (requerido)<br \/>\n    <span class=\"wpcf7-form-control-wrap your-email\"><input type=\"email\" name=\"your-email\" value=\"\" size=\"40\" class=\"wpcf7-form-control wpcf7-text wpcf7-email wpcf7-validates-as-required wpcf7-validates-as-email\" aria-required=\"true\" aria-invalid=\"false\" \/><\/span> <\/p>\n<p>Tel\u00e9fono<br \/>\n    <span class=\"wpcf7-form-control-wrap Telefono\"><input type=\"tel\" name=\"Telefono\" value=\"\" size=\"40\" class=\"wpcf7-form-control wpcf7-text wpcf7-tel wpcf7-validates-as-tel\" aria-invalid=\"false\" \/><\/span> <\/p>\n<p>Asunto<br \/>\n    <span class=\"wpcf7-form-control-wrap your-subject\"><input type=\"text\" name=\"your-subject\" value=\"\" size=\"40\" class=\"wpcf7-form-control wpcf7-text\" aria-invalid=\"false\" \/><\/span> <\/p>\n<p>Mensaje<br \/>\n    <span class=\"wpcf7-form-control-wrap your-message\"><textarea name=\"your-message\" cols=\"40\" rows=\"10\" class=\"wpcf7-form-control wpcf7-textarea\" aria-invalid=\"false\"><\/textarea><\/span> <\/p>\n<p>[anr_nocaptcha g-recaptcha-response]<\/p>\n<p><input type=\"submit\" value=\"Enviar\" class=\"wpcf7-form-control wpcf7-submit\" \/><\/p>\n<p style=\"display: none !important;\" class=\"akismet-fields-container\" data-prefix=\"_wpcf7_ak_\"><label>&#916;<textarea name=\"_wpcf7_ak_hp_textarea\" cols=\"45\" rows=\"8\" maxlength=\"100\"><\/textarea><\/label><input type=\"hidden\" id=\"ak_js_1\" name=\"_wpcf7_ak_js\" value=\"166\"\/><script>document.getElementById( \"ak_js_1\" ).setAttribute( \"value\", ( new Date() ).getTime() );<\/script><\/p><div class=\"wpcf7-response-output\" aria-hidden=\"true\"><\/div><\/form><\/div>\n<p>&nbsp;<\/p>\n<h2 style=\"text-align: center;\"><strong>Encuentranos en:<\/strong><\/h2>\n<p style=\"text-align: left;\"><div class=\"one_half\"><br \/>\n<strong>Oficinas Centrales<\/strong><\/p>\n<p>Av. Universidad # 744, Colonia Villa Universidad, CP: 58060, Morelia Michoac\u00e1n, M\u00e9xico.<br \/>\nHorario: 10 am &#8211; 2 pm.<br \/>\nTel\u00e9fono: (52) 443 299 3226<br \/>\n<a href=\"mailto:contacto@tregh.com\">contacto@tregh.com<\/a><\/p>\n<p>&nbsp;<\/p>\n<p><iframe loading=\"lazy\" style=\"border: 0;\" src=\"https:\/\/www.google.com\/maps\/embed?pb=!1m18!1m12!1m3!1d3756.6476730760214!2d-101.2011652856044!3d19.68503123766226!2m3!1f0!2f0!3f0!3m2!1i1024!2i768!4f13.1!3m3!1m2!1s0x842d0dd11b9ec95d%3A0x450ac7f4a55a7788!2sTregh!5e0!3m2!1ses!2smx!4v1475202391298\" width=\"400\" height=\"300\" frameborder=\"0\" allowfullscreen=\"allowfullscreen\"><\/iframe><\/p>\n<p>&nbsp;<\/p>\n<p><\/div><\/p>\n<p style=\"text-align: left;\"><div class=\"one_half last_column\"><br \/>\n<strong>Centro Acad\u00e9mico<\/strong><\/p>\n<p>Calle Paquinhuata # 544, Colonia F\u00e9lix Ir\u00e9ta, CP: 58070, Morelia Michoac\u00e1n, M\u00e9xico.<br \/>\nHorario: Por evento<br \/>\nTel\u00e9fono: (52) 443 228 5038, 443 240 4301<br \/>\n<a href=\"mailto:contacto@tregh.com\">contacto@tregh.com<\/a><\/p>\n<p>&nbsp;<\/p>\n<p><iframe loading=\"lazy\" style=\"border: 0;\" src=\"https:\/\/www.google.com\/maps\/embed?pb=!1m18!1m12!1m3!1d3756.643303081116!2d-101.18675218560439!3d19.685217537656296!2m3!1f0!2f0!3f0!3m2!1i1024!2i768!4f13.1!3m3!1m2!1s0x842d0ddd80fd7ae5%3A0x2c13821652e56b8e!2sTregh%2C+Centro+Acad%C3%A9mico!5e0!3m2!1ses!2smx!4v1476202817642\" width=\"400\" height=\"300\" frameborder=\"0\" allowfullscreen=\"allowfullscreen\"><\/iframe><\/p>\n<p><\/div><\/p>\n<p>&nbsp;<\/p>\n<h2 style=\"text-align: center;\">Consulta <span style=\"color: #0000ff;\"><a style=\"color: #0000ff;\" href=\"http:\/\/tregh.com\/index.php\/contacto\/aviso-de-privacidad\/\">aqu\u00ed<\/a><\/span> nuestro aviso de privacidad.<\/h2>\n","protected":false},"excerpt":{"rendered":"<p>Escr\u00edbenos, con gusto nos comunicaremos contigo para ver la manera de apoyarte &nbsp; Encuentranos en: &nbsp; Consulta aqu\u00ed nuestro aviso de privacidad.<\/p>\n","protected":false},"author":1,"featured_media":0,"parent":0,"menu_order":7,"comment_status":"closed","ping_status":"closed","template":"","meta":[],"_links":{"self":[{"href":"http:\/\/tregh.com\/index.php\/wp-json\/wp\/v2\/pages\/12"}],"collection":[{"href":"http:\/\/tregh.com\/index.php\/wp-json\/wp\/v2\/pages"}],"about":[{"href":"http:\/\/tregh.com\/index.php\/wp-json\/wp\/v2\/types\/page"}],"author":[{"embeddable":true,"href":"http:\/\/tregh.com\/index.php\/wp-json\/wp\/v2\/users\/1"}],"replies":[{"embeddable":true,"href":"http:\/\/tregh.com\/index.php\/wp-json\/wp\/v2\/comments?post=12"}],"version-history":[{"count":29,"href":"http:\/\/tregh.com\/index.php\/wp-json\/wp\/v2\/pages\/12\/revisions"}],"predecessor-version":[{"id":2393,"href":"http:\/\/tregh.com\/index.php\/wp-json\/wp\/v2\/pages\/12\/revisions\/2393"}],"wp:attachment":[{"href":"http:\/\/tregh.com\/index.php\/wp-json\/wp\/v2\/media?parent=12"}],"curies":[{"name":"wp","href":"https:\/\/api.w.org\/{rel}","templated":true}]}}